{"id":19,"date":"2024-11-19T18:36:41","date_gmt":"2024-11-19T17:36:41","guid":{"rendered":"https:\/\/www.webbtekniken.com\/?page_id=19"},"modified":"2025-01-16T19:49:15","modified_gmt":"2025-01-16T18:49:15","slug":"kontakta-oss","status":"publish","type":"page","link":"https:\/\/www.webbtekniken.com\/sv_se\/kontakta-oss\/","title":{"rendered":"KONTAKTA OSS"},"content":{"rendered":"<style>.kb-row-layout-id19_5ea477-dd > .kt-row-column-wrap{align-content:start;}:where(.kb-row-layout-id19_5ea477-dd > .kt-row-column-wrap) > .wp-block-kadence-column{justify-content:start;}.kb-row-layout-id19_5ea477-dd > .kt-row-column-wrap{column-gap:var(--global-kb-gap-md, 2rem);row-gap:var(--global-kb-gap-md, 2rem);padding-top:var(--global-kb-spacing-sm, 1.5rem);padding-bottom:var(--global-kb-spacing-sm, 1.5rem);grid-template-columns:repeat(2, minmax(0, 1fr));}.kb-row-layout-id19_5ea477-dd > .kt-row-layout-overlay{opacity:0.30;}@media all and (max-width: 1024px){.kb-row-layout-id19_5ea477-dd > .kt-row-column-wrap{grid-template-columns:repeat(2, minmax(0, 1fr));}}@media all and (max-width: 767px){.kb-row-layout-id19_5ea477-dd > .kt-row-column-wrap{grid-template-columns:minmax(0, 1fr);}}<\/style><div class=\"kb-row-layout-wrap kb-row-layout-id19_5ea477-dd alignnone wp-block-kadence-rowlayout\"><div class=\"kt-row-column-wrap kt-has-2-columns kt-row-layout-equal kt-tab-layout-inherit kt-mobile-layout-row kt-row-valign-top\">\n<style>.kadence-column19_37bee4-74 > .kt-inside-inner-col,.kadence-column19_37bee4-74 > .kt-inside-inner-col:before{border-top-left-radius:0px;border-top-right-radius:0px;border-bottom-right-radius:0px;border-bottom-left-radius:0px;}.kadence-column19_37bee4-74 > .kt-inside-inner-col{column-gap:var(--global-kb-gap-sm, 1rem);}.kadence-column19_37bee4-74 > .kt-inside-inner-col{flex-direction:column;}.kadence-column19_37bee4-74 > .kt-inside-inner-col > .aligncenter{width:100%;}.kadence-column19_37bee4-74 > .kt-inside-inner-col:before{opacity:0.3;}.kadence-column19_37bee4-74{position:relative;}@media all and (max-width: 1024px){.kadence-column19_37bee4-74 > .kt-inside-inner-col{flex-direction:column;justify-content:center;}}@media all and (max-width: 767px){.kadence-column19_37bee4-74 > .kt-inside-inner-col{flex-direction:column;justify-content:center;}}<\/style>\n<div class=\"wp-block-kadence-column kadence-column19_37bee4-74\"><div class=\"kt-inside-inner-col\"><style>.wp-block-kadence-advancedheading.kt-adv-heading19_94751e-36, .wp-block-kadence-advancedheading.kt-adv-heading19_94751e-36[data-kb-block=\"kb-adv-heading19_94751e-36\"]{font-style:normal;}.wp-block-kadence-advancedheading.kt-adv-heading19_94751e-36 mark.kt-highlight, .wp-block-kadence-advancedheading.kt-adv-heading19_94751e-36[data-kb-block=\"kb-adv-heading19_94751e-36\"] mark.kt-highlight{font-style:normal;color:#f76a0c;-webkit-box-decoration-break:clone;box-decoration-break:clone;padding-top:0px;padding-right:0px;padding-bottom:0px;padding-left:0px;}.wp-block-kadence-advancedheading.kt-adv-heading19_94751e-36 img.kb-inline-image, .wp-block-kadence-advancedheading.kt-adv-heading19_94751e-36[data-kb-block=\"kb-adv-heading19_94751e-36\"] img.kb-inline-image{width:150px;vertical-align:baseline;}<\/style>\n<h6 class=\"kt-adv-heading19_94751e-36 wp-block-kadence-advancedheading\" data-kb-block=\"kb-adv-heading19_94751e-36\">Skicka g\u00e4rna ett meddelande till oss f\u00f6r offerter! Vi erbjuder konkurrenskraftiga priser f\u00f6r att \u00f6ka tillg\u00e4ngligheten i sverige!<\/h6>\n\n\n<style>.wp-block-kadence-advanced-form178-cpt-id{color-scheme:dark;--kb-form-background-color:var(--global-palette7, #EDF2F7);}<\/style><div class=\"wp-block-kadence-advanced-form wp-block-kadence-advanced-form178-cpt-id kb-adv-form-label-style-normal kb-adv-form-input-size-standard kb-form-basic-style kb-form-is-dark wp-block-kadence-advanced-form\"><form id=\"kb-adv-form-178-cpt-id\" class=\"kb-advanced-form\" method=\"post\">\n<div class=\"kb-adv-form-field kb-adv-form-text-type-input kb-adv-form-infield-type-input kb-field178f33499-5f wp-block-kadence-advanced-form-text\"><label class=\"kb-adv-form-label\" for=\"field178f33499-5f\">Namn<span class=\"kb-adv-form-required\">*<\/span><\/label><input name=\"Namn\" id=\"field178f33499-5f\" data-label=\"Namn\" type=\"text\" placeholder=\"Namn\" value=\"\" data-type=\"text\" class=\"kb-field kb-text-field\" data-required=\"yes\" required aria-required=\"true\"\/><\/div>\n\n<div class=\"kb-adv-form-field kb-adv-form-text-type-input kb-adv-form-infield-type-input kb-field178c4d0ad-7d wp-block-kadence-advanced-form-email\"><label class=\"kb-adv-form-label\" for=\"field178c4d0ad-7d\">E-Post<span class=\"kb-adv-form-required\">*<\/span><\/label><input name=\"Email\" id=\"field178c4d0ad-7d\" data-label=\"E-Post\" type=\"email\" placeholder=\"Email\" value=\"\" data-type=\"email\" class=\"kb-field kb-email-field\" data-required=\"yes\" required aria-required=\"true\"\/><\/div>\n\n<div class=\"kb-adv-form-field kb-adv-form-text-type-input kb-adv-form-infield-type-input kb-field178e72703-91 wp-block-kadence-advanced-form-telephone\"><input name=\"Telefon\" id=\"field178e72703-91\" data-label=\"Telefon\" type=\"tel\" placeholder=\"Telefon\" value=\"\" data-type=\"tel\" class=\"kb-field kb-tel-field\" data-required=\"no\" aria-label=\"Telefon\"\/><\/div>\n\n<div class=\"kb-adv-form-field kb-adv-form-text-type-input kb-adv-form-infield-type-input kb-field178ea1b7b-46 wp-block-kadence-advanced-form-textarea\"><label class=\"kb-adv-form-label\" for=\"field178ea1b7b-46\">Meddelande<span class=\"kb-adv-form-required\">*<\/span><\/label><textarea name=\"Meddelande\" id=\"field178ea1b7b-46\" rows=\"7\"  data-label=\"Meddelande\" placeholder=\"Meddelande\" data-type=\"textarea\" class=\"kb-field kb-textarea-field\" data-required=\"yes\" required aria-required=\"true\"><\/textarea><\/div>\n\n<style>.kb-submit-field .kb-btnb6edfb-71.kb-button, ul.menu .kb-submit-field .kb-btnb6edfb-71.kb-button{width:120px;}.kb-submit-field.kb-fieldb6edfb-71{justify-content:flex-start;}<\/style><div class=\"kb-adv-form-field kb-submit-field kb-fieldb6edfb-71 wp-block-kadence-advanced-form-submit\"><button class=\"kb-button kt-button button kb-adv-form-submit-button kb-btnb6edfb-71 kt-btn-size-small kt-btn-width-type-fixed kb-btn-global-fill kt-btn-has-text-true kt-btn-has-svg-false\" type=\"submit\"><span class=\"kt-btn-inner-text\">Skicka<\/span><\/button><\/div>\n<input type=\"hidden\" name=\"_kb_adv_form_post_id\" value=\"178\"><input type=\"hidden\" name=\"action\" value=\"kb_process_advanced_form_submit\"><input type=\"hidden\" name=\"_kb_adv_form_id\" value=\"178-cpt-id\"><\/form><\/div><\/div><\/div>\n\n\n<style>.kadence-column19_6d8f19-96 > .kt-inside-inner-col,.kadence-column19_6d8f19-96 > .kt-inside-inner-col:before{border-top-left-radius:0px;border-top-right-radius:0px;border-bottom-right-radius:0px;border-bottom-left-radius:0px;}.kadence-column19_6d8f19-96 > .kt-inside-inner-col{column-gap:var(--global-kb-gap-sm, 1rem);}.kadence-column19_6d8f19-96 > .kt-inside-inner-col{flex-direction:column;}.kadence-column19_6d8f19-96 > .kt-inside-inner-col > .aligncenter{width:100%;}.kadence-column19_6d8f19-96 > .kt-inside-inner-col:before{opacity:0.3;}.kadence-column19_6d8f19-96{position:relative;}@media all and (max-width: 1024px){.kadence-column19_6d8f19-96 > .kt-inside-inner-col{flex-direction:column;justify-content:center;}}@media all and (max-width: 767px){.kadence-column19_6d8f19-96 > .kt-inside-inner-col{flex-direction:column;justify-content:center;}}<\/style>\n<div class=\"wp-block-kadence-column kadence-column19_6d8f19-96\"><div class=\"kt-inside-inner-col\"><style>.kb-row-layout-id19_d78501-5e > .kt-row-column-wrap{align-content:start;}:where(.kb-row-layout-id19_d78501-5e > .kt-row-column-wrap) > .wp-block-kadence-column{justify-content:start;}.kb-row-layout-id19_d78501-5e > .kt-row-column-wrap{column-gap:var(--global-kb-gap-md, 2rem);row-gap:var(--global-kb-gap-md, 2rem);padding-top:var(--global-kb-spacing-sm, 1.5rem);padding-bottom:var(--global-kb-spacing-sm, 1.5rem);grid-template-columns:repeat(2, minmax(0, 1fr));}.kb-row-layout-id19_d78501-5e > .kt-row-layout-overlay{opacity:0.30;}@media all and (max-width: 1024px){.kb-row-layout-id19_d78501-5e > .kt-row-column-wrap{grid-template-columns:repeat(2, minmax(0, 1fr));}}@media all and (max-width: 767px){.kb-row-layout-id19_d78501-5e > .kt-row-column-wrap{grid-template-columns:minmax(0, 1fr);}}<\/style><div class=\"kb-row-layout-wrap kb-row-layout-id19_d78501-5e alignnone wp-block-kadence-rowlayout\"><div class=\"kt-row-column-wrap kt-has-2-columns kt-row-layout-equal kt-tab-layout-inherit kt-mobile-layout-row kt-row-valign-top\">\n<style>.kadence-column19_188242-f1 > .kt-inside-inner-col,.kadence-column19_188242-f1 > .kt-inside-inner-col:before{border-top-left-radius:0px;border-top-right-radius:0px;border-bottom-right-radius:0px;border-bottom-left-radius:0px;}.kadence-column19_188242-f1 > .kt-inside-inner-col{column-gap:var(--global-kb-gap-sm, 1rem);}.kadence-column19_188242-f1 > .kt-inside-inner-col{flex-direction:column;}.kadence-column19_188242-f1 > .kt-inside-inner-col > .aligncenter{width:100%;}.kadence-column19_188242-f1 > .kt-inside-inner-col:before{opacity:0.3;}.kadence-column19_188242-f1{position:relative;}@media all and (max-width: 1024px){.kadence-column19_188242-f1 > .kt-inside-inner-col{flex-direction:column;justify-content:center;}}@media all and (max-width: 767px){.kadence-column19_188242-f1 > .kt-inside-inner-col{flex-direction:column;justify-content:center;}}<\/style>\n<div class=\"wp-block-kadence-column kadence-column19_188242-f1\"><div class=\"kt-inside-inner-col\"><style>.wp-block-kadence-advancedheading.kt-adv-heading19_b70047-bb, .wp-block-kadence-advancedheading.kt-adv-heading19_b70047-bb[data-kb-block=\"kb-adv-heading19_b70047-bb\"]{font-size:var(--global-kb-font-size-sm, 0.9rem);font-style:normal;}.wp-block-kadence-advancedheading.kt-adv-heading19_b70047-bb mark.kt-highlight, .wp-block-kadence-advancedheading.kt-adv-heading19_b70047-bb[data-kb-block=\"kb-adv-heading19_b70047-bb\"] mark.kt-highlight{font-style:normal;color:#f76a0c;-webkit-box-decoration-break:clone;box-decoration-break:clone;padding-top:0px;padding-right:0px;padding-bottom:0px;padding-left:0px;}.wp-block-kadence-advancedheading.kt-adv-heading19_b70047-bb img.kb-inline-image, .wp-block-kadence-advancedheading.kt-adv-heading19_b70047-bb[data-kb-block=\"kb-adv-heading19_b70047-bb\"] img.kb-inline-image{width:150px;vertical-align:baseline;}<\/style>\n<h3 class=\"kt-adv-heading19_b70047-bb wp-block-kadence-advancedheading\" data-kb-block=\"kb-adv-heading19_b70047-bb\">Ni f\u00e5r j\u00e4tteg\u00e4rna h\u00f6ra av er vid eventuella fr\u00e5gor!<\/h3>\n\n\n\n<p>Info@webbtekniken.com<\/p>\n<\/div><\/div>\n\n\n<style>.kadence-column19_35a04c-1c > .kt-inside-inner-col,.kadence-column19_35a04c-1c > .kt-inside-inner-col:before{border-top-left-radius:0px;border-top-right-radius:0px;border-bottom-right-radius:0px;border-bottom-left-radius:0px;}.kadence-column19_35a04c-1c > .kt-inside-inner-col{column-gap:var(--global-kb-gap-sm, 1rem);}.kadence-column19_35a04c-1c > .kt-inside-inner-col{flex-direction:column;}.kadence-column19_35a04c-1c > .kt-inside-inner-col > .aligncenter{width:100%;}.kadence-column19_35a04c-1c > .kt-inside-inner-col:before{opacity:0.3;}.kadence-column19_35a04c-1c{position:relative;}@media all and (max-width: 1024px){.kadence-column19_35a04c-1c > .kt-inside-inner-col{flex-direction:column;justify-content:center;}}@media all and (max-width: 767px){.kadence-column19_35a04c-1c > .kt-inside-inner-col{flex-direction:column;justify-content:center;}}<\/style>\n<div class=\"wp-block-kadence-column kadence-column19_35a04c-1c\"><div class=\"kt-inside-inner-col\"><style>.wp-block-kadence-advancedheading.kt-adv-heading19_597390-57, .wp-block-kadence-advancedheading.kt-adv-heading19_597390-57[data-kb-block=\"kb-adv-heading19_597390-57\"]{font-size:var(--global-kb-font-size-sm, 0.9rem);font-style:normal;}.wp-block-kadence-advancedheading.kt-adv-heading19_597390-57 mark.kt-highlight, .wp-block-kadence-advancedheading.kt-adv-heading19_597390-57[data-kb-block=\"kb-adv-heading19_597390-57\"] mark.kt-highlight{font-style:normal;color:#f76a0c;-webkit-box-decoration-break:clone;box-decoration-break:clone;padding-top:0px;padding-right:0px;padding-bottom:0px;padding-left:0px;}.wp-block-kadence-advancedheading.kt-adv-heading19_597390-57 img.kb-inline-image, .wp-block-kadence-advancedheading.kt-adv-heading19_597390-57[data-kb-block=\"kb-adv-heading19_597390-57\"] img.kb-inline-image{width:150px;vertical-align:baseline;}<\/style>\n<h2 class=\"kt-adv-heading19_597390-57 wp-block-kadence-advancedheading\" data-kb-block=\"kb-adv-heading19_597390-57\">Vi \u00e4r tillg\u00e4ngliga<\/h2>\n\n\n\n<p>M\u00e5ndag-Fredag(9-17)<\/p>\n<\/div><\/div>\n\n<\/div><\/div><\/div><\/div>\n\n<\/div><\/div>","protected":false},"excerpt":{"rendered":"<p>Skicka g\u00e4rna ett meddelande till oss f\u00f6r offerter! Vi erbjuder konkurrenskraftiga priser f\u00f6r att \u00f6ka tillg\u00e4ngligheten i sverige! Ni f\u00e5r j\u00e4tteg\u00e4rna h\u00f6ra av er vid eventuella fr\u00e5gor! Info@webbtekniken.com Vi \u00e4r tillg\u00e4ngliga M\u00e5ndag-Fredag(9-17)<\/p>\n","protected":false},"author":1,"featured_media":0,"parent":0,"menu_order":0,"comment_status":"closed","ping_status":"closed","template":"","meta":{"_kad_blocks_custom_css":"","_kad_blocks_head_custom_js":"","_kad_blocks_body_custom_js":"","_kad_blocks_footer_custom_js":"","_kadence_starter_templates_imported_post":false,"_kad_post_transparent":"","_kad_post_title":"hide","_kad_post_layout":"default","_kad_post_sidebar_id":"","_kad_post_content_style":"default","_kad_post_vertical_padding":"hide","_kad_post_feature":"","_kad_post_feature_position":"","_kad_post_header":false,"_kad_post_footer":false,"_kad_post_classname":"","footnotes":""},"class_list":["post-19","page","type-page","status-publish","hentry"],"taxonomy_info":[],"featured_image_src_large":false,"author_info":{"display_name":"webbtekniken45","author_link":"https:\/\/www.webbtekniken.com\/sv_se\/author\/webbtekniken45\/"},"comment_info":0,"_links":{"self":[{"href":"https:\/\/www.webbtekniken.com\/sv_se\/wp-json\/wp\/v2\/pages\/19","targetHints":{"allow":["GET"]}}],"collection":[{"href":"https:\/\/www.webbtekniken.com\/sv_se\/wp-json\/wp\/v2\/pages"}],"about":[{"href":"https:\/\/www.webbtekniken.com\/sv_se\/wp-json\/wp\/v2\/types\/page"}],"author":[{"embeddable":true,"href":"https:\/\/www.webbtekniken.com\/sv_se\/wp-json\/wp\/v2\/users\/1"}],"replies":[{"embeddable":true,"href":"https:\/\/www.webbtekniken.com\/sv_se\/wp-json\/wp\/v2\/comments?post=19"}],"version-history":[{"count":4,"href":"https:\/\/www.webbtekniken.com\/sv_se\/wp-json\/wp\/v2\/pages\/19\/revisions"}],"predecessor-version":[{"id":774,"href":"https:\/\/www.webbtekniken.com\/sv_se\/wp-json\/wp\/v2\/pages\/19\/revisions\/774"}],"wp:attachment":[{"href":"https:\/\/www.webbtekniken.com\/sv_se\/wp-json\/wp\/v2\/media?parent=19"}],"curies":[{"name":"wp","href":"https:\/\/api.w.org\/{rel}","templated":true}]}}